{"id":152,"date":"2024-09-13T11:33:14","date_gmt":"2024-09-13T09:33:14","guid":{"rendered":"https:\/\/lmc-17.fr\/?page_id=152"},"modified":"2024-11-11T11:07:30","modified_gmt":"2024-11-11T10:07:30","slug":"reseau-ho","status":"publish","type":"page","link":"https:\/\/lmc-17.fr\/?page_id=152","title":{"rendered":"R\u00e9seau HO"},"content":{"rendered":"\n<h2 class=\"wp-block-heading\">Sur cette rubrique toutes les explications sur le r\u00e9seau HO de notre club.<\/h2>\n\n\n\n<ul class=\"wp-block-list\">\n<li class=\"has-large-font-size\"><a href=\"https:\/\/lmc-17.fr\/?page_id=194\">Pr\u00e9sentation<\/a><\/li>\n\n\n\n<li class=\"has-large-font-size\"><a href=\"https:\/\/lmc-17.fr\/?page_id=196\">Historique<\/a><\/li>\n\n\n\n<li class=\"has-large-font-size\"><a href=\"https:\/\/lmc-17.fr\/?page_id=198\">Sp\u00e9cificit\u00e9s<\/a><\/li>\n\n\n\n<li class=\"has-large-font-size\"><a href=\"https:\/\/lmc-17.fr\/?page_id=200\">Mat\u00e9riels \u00e0 c\u00e9der<\/a><\/li>\n<\/ul>\n","protected":false},"excerpt":{"rendered":"<p>Sur cette rubrique toutes les explications sur le r\u00e9seau HO de notre club.<\/p>\n","protected":false},"author":1,"featured_media":0,"parent":0,"menu_order":0,"comment_status":"closed","ping_status":"closed","template":"","meta":{"footnotes":""},"class_list":["post-152","page","type-page","status-publish","hentry"],"jetpack_sharing_enabled":true,"_links":{"self":[{"href":"https:\/\/lmc-17.fr\/index.php?rest_route=\/wp\/v2\/pages\/152","targetHints":{"allow":["GET"]}}],"collection":[{"href":"https:\/\/lmc-17.fr\/index.php?rest_route=\/wp\/v2\/pages"}],"about":[{"href":"https:\/\/lmc-17.fr\/index.php?rest_route=\/wp\/v2\/types\/page"}],"author":[{"embeddable":true,"href":"https:\/\/lmc-17.fr\/index.php?rest_route=\/wp\/v2\/users\/1"}],"replies":[{"embeddable":true,"href":"https:\/\/lmc-17.fr\/index.php?rest_route=%2Fwp%2Fv2%2Fcomments&post=152"}],"version-history":[{"count":3,"href":"https:\/\/lmc-17.fr\/index.php?rest_route=\/wp\/v2\/pages\/152\/revisions"}],"predecessor-version":[{"id":942,"href":"https:\/\/lmc-17.fr\/index.php?rest_route=\/wp\/v2\/pages\/152\/revisions\/942"}],"wp:attachment":[{"href":"https:\/\/lmc-17.fr\/index.php?rest_route=%2Fwp%2Fv2%2Fmedia&parent=152"}],"curies":[{"name":"wp","href":"https:\/\/api.w.org\/{rel}","templated":true}]}}