{"id":156,"date":"2024-09-13T11:33:51","date_gmt":"2024-09-13T09:33:51","guid":{"rendered":"https:\/\/lmc-17.fr\/?page_id=156"},"modified":"2024-11-08T17:35:39","modified_gmt":"2024-11-08T16:35:39","slug":"blogs","status":"publish","type":"page","link":"https:\/\/lmc-17.fr\/?page_id=156","title":{"rendered":"Blogs"},"content":{"rendered":"\n<h2 class=\"wp-block-heading\"><strong>Vous trouverez ici tous les blogs sp\u00e9cifiques \u00e0 diff\u00e9rents sujets trait\u00e9s par LMC17<\/strong><\/h2>\n\n\n\n<ul class=\"wp-block-list\">\n<li class=\"has-large-font-size\"><a href=\"https:\/\/lmc-17.fr\/?page_id=218\" data-type=\"page\" data-id=\"218\">Arduino<\/a><\/li>\n\n\n\n<li class=\"has-large-font-size\"><a href=\"https:\/\/lmc-17.fr\/?page_id=220\" data-type=\"page\" data-id=\"220\">Digital DCC<\/a><\/li>\n\n\n\n<li class=\"has-large-font-size\"><a href=\"https:\/\/lmc-17.fr\/?page_id=224\" data-type=\"page\" data-id=\"224\">Le Train des mouettes<\/a><\/li>\n\n\n\n<li class=\"has-large-font-size\"><a href=\"https:\/\/lmc-17.fr\/?page_id=749\" data-type=\"page\" data-id=\"749\">Modules Scenic<\/a><\/li>\n\n\n\n<li class=\"has-large-font-size\"><a href=\"https:\/\/lmc-17.fr\/?page_id=226\" data-type=\"page\" data-id=\"226\">Le d\u00e9cor<\/a><\/li>\n<\/ul>\n","protected":false},"excerpt":{"rendered":"<p>Vous trouverez ici tous les blogs sp\u00e9cifiques \u00e0 diff\u00e9rents sujets trait\u00e9s par LMC17<\/p>\n","protected":false},"author":1,"featured_media":0,"parent":0,"menu_order":0,"comment_status":"closed","ping_status":"closed","template":"","meta":{"footnotes":""},"class_list":["post-156","page","type-page","status-publish","hentry"],"jetpack_sharing_enabled":true,"_links":{"self":[{"href":"https:\/\/lmc-17.fr\/index.php?rest_route=\/wp\/v2\/pages\/156","targetHints":{"allow":["GET"]}}],"collection":[{"href":"https:\/\/lmc-17.fr\/index.php?rest_route=\/wp\/v2\/pages"}],"about":[{"href":"https:\/\/lmc-17.fr\/index.php?rest_route=\/wp\/v2\/types\/page"}],"author":[{"embeddable":true,"href":"https:\/\/lmc-17.fr\/index.php?rest_route=\/wp\/v2\/users\/1"}],"replies":[{"embeddable":true,"href":"https:\/\/lmc-17.fr\/index.php?rest_route=%2Fwp%2Fv2%2Fcomments&post=156"}],"version-history":[{"count":8,"href":"https:\/\/lmc-17.fr\/index.php?rest_route=\/wp\/v2\/pages\/156\/revisions"}],"predecessor-version":[{"id":834,"href":"https:\/\/lmc-17.fr\/index.php?rest_route=\/wp\/v2\/pages\/156\/revisions\/834"}],"wp:attachment":[{"href":"https:\/\/lmc-17.fr\/index.php?rest_route=%2Fwp%2Fv2%2Fmedia&parent=156"}],"curies":[{"name":"wp","href":"https:\/\/api.w.org\/{rel}","templated":true}]}}