{"id":175,"date":"2025-07-10T15:19:15","date_gmt":"2025-07-10T13:19:15","guid":{"rendered":"https:\/\/lmc-17.fr\/?page_id=175"},"modified":"2025-07-10T15:36:22","modified_gmt":"2025-07-10T13:36:22","slug":"activites","status":"publish","type":"page","link":"https:\/\/lmc-17.fr\/?page_id=175","title":{"rendered":"Activit\u00e9s"},"content":{"rendered":"\n<ul class=\"wp-block-list\">\n<li>Le train des Mouettes : r\u00e9seau et mat\u00e9riel<\/li>\n\n\n\n<li>Bernard a exp\u00e9di\u00e9 les voitures du SOE chez un coll\u00e8gue mod\u00e9liste pour r\u00e9aliser la peinture et poser la d\u00e9coration.<\/li>\n\n\n\n<li>Les modules 11 et 12 sont en cours d&rsquo;op\u00e9ration d\u00e9cor.<\/li>\n\n\n\n<li>Prochain module modifi\u00e9 : le 10 avec la partie Port de Mornac.<\/li>\n<\/ul>\n\n\n\n<div class=\"wp-block-jetpack-slideshow aligncenter\" data-effect=\"slide\"><div class=\"wp-block-jetpack-slideshow_container swiper-container\"><ul class=\"wp-block-jetpack-slideshow_swiper-wrapper swiper-wrapper\"><li class=\"wp-block-jetpack-slideshow_slide swiper-slide\"><figure><img loading=\"lazy\" decoding=\"async\" width=\"1024\" height=\"1024\" alt=\"\" class=\"wp-block-jetpack-slideshow_image wp-image-1045\" data-id=\"1045\" src=\"https:\/\/lmc-17.fr\/wp-content\/uploads\/2025\/07\/IMG_20250224_175657_HDR-1024x1024.jpg\" srcset=\"https:\/\/lmc-17.fr\/wp-content\/uploads\/2025\/07\/IMG_20250224_175657_HDR-1024x1024.jpg 1024w, https:\/\/lmc-17.fr\/wp-content\/uploads\/2025\/07\/IMG_20250224_175657_HDR-300x300.jpg 300w, https:\/\/lmc-17.fr\/wp-content\/uploads\/2025\/07\/IMG_20250224_175657_HDR-150x150.jpg 150w, https:\/\/lmc-17.fr\/wp-content\/uploads\/2025\/07\/IMG_20250224_175657_HDR-768x768.jpg 768w, https:\/\/lmc-17.fr\/wp-content\/uploads\/2025\/07\/IMG_20250224_175657_HDR-1536x1536.jpg 1536w, https:\/\/lmc-17.fr\/wp-content\/uploads\/2025\/07\/IMG_20250224_175657_HDR-2048x2048.jpg 2048w, https:\/\/lmc-17.fr\/wp-content\/uploads\/2025\/07\/IMG_20250224_175657_HDR-200x200.jpg 200w\" sizes=\"(max-width: 1024px) 100vw, 1024px\" \/><\/figure><\/li><li class=\"wp-block-jetpack-slideshow_slide swiper-slide\"><figure><img loading=\"lazy\" decoding=\"async\" width=\"1024\" height=\"653\" alt=\"\" class=\"wp-block-jetpack-slideshow_image wp-image-1042\" data-id=\"1042\" src=\"https:\/\/lmc-17.fr\/wp-content\/uploads\/2025\/07\/Voitures-modifiees-1024x653.jpg\" srcset=\"https:\/\/lmc-17.fr\/wp-content\/uploads\/2025\/07\/Voitures-modifiees-1024x653.jpg 1024w, https:\/\/lmc-17.fr\/wp-content\/uploads\/2025\/07\/Voitures-modifiees-300x191.jpg 300w, https:\/\/lmc-17.fr\/wp-content\/uploads\/2025\/07\/Voitures-modifiees-768x489.jpg 768w, https:\/\/lmc-17.fr\/wp-content\/uploads\/2025\/07\/Voitures-modifiees-1536x979.jpg 1536w, https:\/\/lmc-17.fr\/wp-content\/uploads\/2025\/07\/Voitures-modifiees-2048x1305.jpg 2048w, https:\/\/lmc-17.fr\/wp-content\/uploads\/2025\/07\/Voitures-modifiees-200x127.jpg 200w\" sizes=\"(max-width: 1024px) 100vw, 1024px\" \/><\/figure><\/li><\/ul><a class=\"wp-block-jetpack-slideshow_button-prev swiper-button-prev swiper-button-white\" role=\"button\"><\/a><a class=\"wp-block-jetpack-slideshow_button-next swiper-button-next swiper-button-white\" role=\"button\"><\/a><a aria-label=\"Pause Slideshow\" class=\"wp-block-jetpack-slideshow_button-pause\" role=\"button\"><\/a><div class=\"wp-block-jetpack-slideshow_pagination swiper-pagination swiper-pagination-white\"><\/div><\/div><\/div>\n\n\n\n<p><\/p>\n","protected":false},"excerpt":{"rendered":"","protected":false},"author":1,"featured_media":0,"parent":0,"menu_order":0,"comment_status":"closed","ping_status":"closed","template":"","meta":{"footnotes":""},"class_list":["post-175","page","type-page","status-publish","hentry"],"jetpack_sharing_enabled":true,"_links":{"self":[{"href":"https:\/\/lmc-17.fr\/index.php?rest_route=\/wp\/v2\/pages\/175","targetHints":{"allow":["GET"]}}],"collection":[{"href":"https:\/\/lmc-17.fr\/index.php?rest_route=\/wp\/v2\/pages"}],"about":[{"href":"https:\/\/lmc-17.fr\/index.php?rest_route=\/wp\/v2\/types\/page"}],"author":[{"embeddable":true,"href":"https:\/\/lmc-17.fr\/index.php?rest_route=\/wp\/v2\/users\/1"}],"replies":[{"embeddable":true,"href":"https:\/\/lmc-17.fr\/index.php?rest_route=%2Fwp%2Fv2%2Fcomments&post=175"}],"version-history":[{"count":4,"href":"https:\/\/lmc-17.fr\/index.php?rest_route=\/wp\/v2\/pages\/175\/revisions"}],"predecessor-version":[{"id":1046,"href":"https:\/\/lmc-17.fr\/index.php?rest_route=\/wp\/v2\/pages\/175\/revisions\/1046"}],"wp:attachment":[{"href":"https:\/\/lmc-17.fr\/index.php?rest_route=%2Fwp%2Fv2%2Fmedia&parent=175"}],"curies":[{"name":"wp","href":"https:\/\/api.w.org\/{rel}","templated":true}]}}