{"id":35,"date":"2024-09-13T10:43:03","date_gmt":"2024-09-13T08:43:03","guid":{"rendered":"https:\/\/lmc-17.fr\/?page_id=35"},"modified":"2026-04-26T14:43:23","modified_gmt":"2026-04-26T12:43:23","slug":"colibri-wp","status":"publish","type":"page","link":"https:\/\/lmc-17.fr\/","title":{"rendered":"Front Page"},"content":{"rendered":"<div data-colibri-id=\"35-c1\" class=\"style-189 style-local-35-c1 position-relative\">\r\n  <!---->\r\n  <div data-colibri-component=\"section\" data-colibri-id=\"35-c2\" id=\"overlappable\" class=\"h-section h-section-global-spacing d-flex align-items-lg-center align-items-md-center align-items-center style-345 style-local-35-c2 position-relative\">\r\n    <!---->\r\n    <!---->\r\n    <div class=\"h-section-grid-container h-section-boxed-container\">\r\n      <!---->\r\n      <div data-colibri-id=\"35-c3\" class=\"h-row-container gutters-row-lg-0 gutters-row-md-0 gutters-row-2 gutters-row-v-lg-0 gutters-row-v-md-0 gutters-row-v-2 style-346 style-local-35-c3 position-relative\">\r\n        <!---->\r\n        <div class=\"h-row justify-content-lg-center justify-content-md-center justify-content-center align-items-lg-stretch align-items-md-stretch align-items-stretch gutters-col-lg-0 gutters-col-md-0 gutters-col-2 gutters-col-v-lg-0 gutters-col-v-md-0 gutters-col-v-2\">\r\n          <!---->\r\n          <div class=\"h-column h-column-container d-flex h-col-lg-4 h-col-md-4 h-col-12 style-347-outer style-local-35-c4-outer\">\r\n            <div data-colibri-id=\"35-c4\" class=\"d-flex h-flex-basis h-column__inner h-px-lg-3 h-px-md-3 h-px-2 v-inner-lg-3 v-inner-md-3 v-inner-2 style-347 style-local-35-c4 position-relative\">\r\n              <!---->\r\n              <!---->\r\n              <div class=\"w-100 h-y-container h-column__content h-column__v-align flex-basis-100 align-self-lg-start align-self-md-start align-self-start\">\r\n                <!---->\r\n                <div data-colibri-id=\"35-c5\" class=\"h-icon style-348 style-local-35-c5 position-relative h-element\">\r\n                  <!----><span class=\"h-svg-icon h-icon__icon style-348-icon style-local-35-c5-icon\"><!--Icon by Icons8 Line Awesome (https:\/\/icons8.com\/line-awesome)--><svg version=\"1.1\" xmlns=\"http:\/\/www.w3.org\/2000\/svg\" xmlns:xlink=\"http:\/\/www.w3.org\/1999\/xlink\" id=\"paper-plane\" viewBox=\"0 0 512 545.5\"><path d=\"M57.5 117.5L86 129l352 144 36.5 15-36.5 15L86 447l-28.5 11.5 7-30 31-140.5-31-140.5zm44.5 53L124.5 272h226zM124.5 304L102 405.5 350.5 304h-226z\"><\/path><\/svg><\/span><\/div>\r\n                <div\r\n                  data-colibri-id=\"35-c6\" class=\"h-global-transition-all h-heading style-349 style-local-35-c6 position-relative h-element\">\r\n                  <!---->\r\n                  <div class=\"h-heading__outer style-349 style-local-35-c6\">\r\n                    <!---->\r\n                    <!---->\r\n                    <h5 class=\"\">MODELISME<\/h5>\r\n                  <\/div>\r\n              <\/div>\r\n              <div data-colibri-id=\"35-c7\" class=\"h-text h-text-component style-350 style-local-35-c7 position-relative h-element\">\r\n                <!---->\r\n                <!---->\r\n                <div class=\"\">\r\n                  <p>Nos adh\u00e9rents b\u00e9n\u00e9ficient d&rsquo;un atelier, de deux r\u00e9seaux (HO et N) sur lesquels ils peuvent faire circuler leurs trains personnels et dont ils peuvent effectuer les entretiens, am\u00e9liorations, ou d\u00e9monstrations dans les expositions ou\r\n                    salons.<\/p>\r\n                  <p>&nbsp;Nous organisons \u00e9galement des stages th\u00e9matiques pour \u00e9changer nos exp\u00e9riences et savoir faire en maquettisme, \u00e9lectronique, soudure&#8230;&nbsp;<\/p>\r\n                <\/div>\r\n              <\/div>\r\n            <\/div>\r\n          <\/div>\r\n        <\/div>\r\n        <div class=\"h-column h-column-container d-flex h-col-lg-4 h-col-md-4 h-col-12 style-347-outer style-local-35-c8-outer\">\r\n          <div data-colibri-id=\"35-c8\" class=\"d-flex h-flex-basis h-column__inner h-px-lg-3 h-px-md-3 h-px-2 v-inner-lg-3 v-inner-md-3 v-inner-2 style-347 style-local-35-c8 position-relative\">\r\n            <!---->\r\n            <!---->\r\n            <div class=\"w-100 h-y-container h-column__content h-column__v-align flex-basis-100 align-self-lg-start align-self-md-start align-self-start\">\r\n              <!---->\r\n              <div data-colibri-id=\"35-c9\" class=\"h-icon style-348 style-local-35-c9 position-relative h-element\">\r\n                <!----><span class=\"h-svg-icon h-icon__icon style-348-icon style-local-35-c9-icon\"><!--Icon by Icons8 Line Awesome (https:\/\/icons8.com\/line-awesome)--><svg version=\"1.1\" xmlns=\"http:\/\/www.w3.org\/2000\/svg\" xmlns:xlink=\"http:\/\/www.w3.org\/1999\/xlink\" id=\"cubes\" viewBox=\"0 0 512 545.5\"><path d=\"M256 96l6 2.5 96 38.5 10 4v107.5l86.5 37.5 9.5 4.5v129l-8 5-96 53.5-7.5 4-7.5-3.5-89-44.5-89 44.5-7.5 3.5-7.5-4-96-53.5-8-5v-129l9.5-4.5 86.5-37.5V141l10-4 96-38.5zm0 35l-52.5 20.5L256 172l52.5-20.5zm-80 44v74l64 28.5v-78zm160 0l-64 24.5v78l64-28.5v-74zM160 277l-58 25 58 29 58-28.5zm192 0l-40 17.5-18 8 58 28.5 58-29zM80 326.5V401l64 36v-78.5zm352 0l-64 32V437l64-36v-74.5zm-192 1l-64 31V438l64-32v-78.5zm32 0V406l64 32v-79.5z\"><\/path><\/svg><\/span><\/div>\r\n              <div\r\n                data-colibri-id=\"35-c10\" class=\"h-global-transition-all h-heading style-349 style-local-35-c10 position-relative h-element\">\r\n                <!---->\r\n                <div class=\"h-heading__outer style-349 style-local-35-c10\">\r\n                  <!---->\r\n                  <!---->\r\n                  <h5 class=\"\">MANIFESTATIONS<\/h5>\r\n                <\/div>\r\n            <\/div>\r\n            <div data-colibri-id=\"35-c11\" class=\"h-text h-text-component style-350 style-local-35-c11 position-relative h-element\">\r\n              <!---->\r\n              <!---->\r\n              <div class=\"\">\r\n                <p>Nous proposons chaque ann\u00e9e deux bourse d&rsquo;\u00e9changes au cours de laquelle nous accueillons de nombreux exposants (clubs voisins, professionnels, etc&#8230;) et un grand salon tous les trois ans.\r\n                  <br>\r\n                <\/p>\r\n                <p>&nbsp;Nous participons, en retour, aux autres Salons \/ bourses organis\u00e9es par nos voisins du d\u00e9partement.<\/p>\r\n                <p>&nbsp;Nous participons enfin \u00e0 certaines manifestations organis\u00e9es par la mairie.<\/p>\r\n              <\/div>\r\n            <\/div>\r\n          <\/div>\r\n        <\/div>\r\n      <\/div>\r\n      <div class=\"h-column h-column-container d-flex h-col-lg-4 h-col-md-4 h-col-12 style-347-outer style-local-35-c12-outer\">\r\n        <div data-colibri-id=\"35-c12\" class=\"d-flex h-flex-basis h-column__inner h-px-lg-3 h-px-md-3 h-px-2 v-inner-lg-3 v-inner-md-3 v-inner-2 style-347 style-local-35-c12 position-relative\">\r\n          <!---->\r\n          <!---->\r\n          <div class=\"w-100 h-y-container h-column__content h-column__v-align flex-basis-100 align-self-lg-start align-self-md-start align-self-start\">\r\n            <!---->\r\n            <div data-colibri-id=\"35-c13\" class=\"h-icon style-348 style-local-35-c13 position-relative h-element\">\r\n              <!----><span class=\"h-svg-icon h-icon__icon style-348-icon style-local-35-c13-icon\"><!--Icon by Icons8 Line Awesome (https:\/\/icons8.com\/line-awesome)--><svg version=\"1.1\" xmlns=\"http:\/\/www.w3.org\/2000\/svg\" xmlns:xlink=\"http:\/\/www.w3.org\/1999\/xlink\" id=\"area-chart\" viewBox=\"0 0 512 545.5\"><path d=\"M448 97v383H64V204.5l19 4 73 14.5 91-60.5 5.5-3.5 6 1 89.5 15 74-58zm-32 65.5l-54 42-5.5 4.5-7-1-90-15-90.5 60.5-5.5 3.5-6.5-1.5-61-12V309l62 25 89-59.5 6.5-4 7.5 2.5 87.5 29 67.5-53.5v-86zm0 127l-54 43-7 5.5-8-3-88-29.5-90 60-7 4.5-8-3-58-23v104h320V289.5z\"><\/path><\/svg><\/span><\/div>\r\n            <div\r\n              data-colibri-id=\"35-c14\" class=\"h-global-transition-all h-heading style-349 style-local-35-c14 position-relative h-element\">\r\n              <!---->\r\n              <div class=\"h-heading__outer style-349 style-local-35-c14\">\r\n                <!---->\r\n                <!---->\r\n                <h5 class=\"\">PROMOTION<\/h5>\r\n              <\/div>\r\n          <\/div>\r\n          <div data-colibri-id=\"35-c15\" class=\"h-text h-text-component style-350 style-local-35-c15 position-relative h-element\">\r\n            <!---->\r\n            <!---->\r\n            <div class=\"\">\r\n              <p>Notre club est \u00e9galement tr\u00e8s actif aupr\u00e8s des jeunes, avec des ateliers d&rsquo;initiation.<\/p>\r\n              <p>&nbsp;Nous \u00e9ffectuons aussi des pr\u00e9sentations de maquettes, dioramas et diapositives comment\u00e9s pour permettre aux coll\u00e8giens de faire le lien entre leurs cours d&rsquo;histoire et la r\u00e9alit\u00e9 de ce qui s&rsquo;est pass\u00e9 dans notre d\u00e9partement.\r\n                <br>\r\n              <\/p>\r\n            <\/div>\r\n          <\/div>\r\n        <\/div>\r\n      <\/div>\r\n    <\/div>\r\n  <\/div>\r\n<\/div>\r\n<\/div>\r\n<\/div>\r\n<\/div>","protected":false},"excerpt":{"rendered":"<p>MODELISME Nos adh\u00e9rents b\u00e9n\u00e9ficient d&rsquo;un atelier, de deux r\u00e9seaux (HO et N) sur lesquels ils peuvent faire circuler leurs trains personnels et dont ils peuvent effectuer les entretiens, am\u00e9liorations, ou d\u00e9monstrations dans les expositions ou salons. &nbsp;Nous organisons \u00e9galement des stages th\u00e9matiques pour \u00e9changer nos exp\u00e9riences et savoir faire en maquettisme, \u00e9lectronique, soudure&#8230;&nbsp; MANIFESTATIONS Nous [&hellip;]<\/p>\n","protected":false},"author":1,"featured_media":0,"parent":0,"menu_order":0,"comment_status":"closed","ping_status":"closed","template":"page-templates\/homepage.php","meta":{"footnotes":""},"class_list":["post-35","page","type-page","status-publish","hentry"],"jetpack_sharing_enabled":true,"_links":{"self":[{"href":"https:\/\/lmc-17.fr\/index.php?rest_route=\/wp\/v2\/pages\/35","targetHints":{"allow":["GET"]}}],"collection":[{"href":"https:\/\/lmc-17.fr\/index.php?rest_route=\/wp\/v2\/pages"}],"about":[{"href":"https:\/\/lmc-17.fr\/index.php?rest_route=\/wp\/v2\/types\/page"}],"author":[{"embeddable":true,"href":"https:\/\/lmc-17.fr\/index.php?rest_route=\/wp\/v2\/users\/1"}],"replies":[{"embeddable":true,"href":"https:\/\/lmc-17.fr\/index.php?rest_route=%2Fwp%2Fv2%2Fcomments&post=35"}],"version-history":[{"count":20,"href":"https:\/\/lmc-17.fr\/index.php?rest_route=\/wp\/v2\/pages\/35\/revisions"}],"predecessor-version":[{"id":1384,"href":"https:\/\/lmc-17.fr\/index.php?rest_route=\/wp\/v2\/pages\/35\/revisions\/1384"}],"wp:attachment":[{"href":"https:\/\/lmc-17.fr\/index.php?rest_route=%2Fwp%2Fv2%2Fmedia&parent=35"}],"curies":[{"name":"wp","href":"https:\/\/api.w.org\/{rel}","templated":true}]}}