{"id":377,"date":"2024-09-13T17:58:53","date_gmt":"2024-09-13T15:58:53","guid":{"rendered":"https:\/\/lmc-17.fr\/?page_id=377"},"modified":"2024-09-13T18:01:19","modified_gmt":"2024-09-13T16:01:19","slug":"bourse-12-fevrier-2023","status":"publish","type":"page","link":"https:\/\/lmc-17.fr\/?page_id=377","title":{"rendered":"Bourse 12 F\u00e9vrier 2023"},"content":{"rendered":"\n<p style=\"font-size:25px\"><strong>Notre bourse du 12 f\u00e9vrier 2023 a connu un succ\u00e8s exceptionnel, le nombre d&rsquo;exposants a fortement augment\u00e9 et l&rsquo;offre s&rsquo;est diversifi\u00e9e, attirant un nombre croissant de visiteurs. Un grand merci \u00e0 vous tous \u00e0 qui nous devons ce succ\u00e8s.<\/strong><\/p>\n\n\n\n<div class=\"wp-block-jetpack-slideshow aligncenter\" data-effect=\"slide\"><div class=\"wp-block-jetpack-slideshow_container swiper-container\"><ul class=\"wp-block-jetpack-slideshow_swiper-wrapper swiper-wrapper\"><li class=\"wp-block-jetpack-slideshow_slide swiper-slide\"><figure><img loading=\"lazy\" decoding=\"async\" width=\"354\" height=\"768\" alt=\"\" class=\"wp-block-jetpack-slideshow_image wp-image-380\" data-id=\"380\" src=\"https:\/\/lmc-17.fr\/wp-content\/uploads\/2024\/09\/cache_15954655.jpg\" srcset=\"https:\/\/lmc-17.fr\/wp-content\/uploads\/2024\/09\/cache_15954655.jpg 354w, https:\/\/lmc-17.fr\/wp-content\/uploads\/2024\/09\/cache_15954655-138x300.jpg 138w, https:\/\/lmc-17.fr\/wp-content\/uploads\/2024\/09\/cache_15954655-200x434.jpg 200w\" sizes=\"(max-width: 354px) 100vw, 354px\" \/><\/figure><\/li><li class=\"wp-block-jetpack-slideshow_slide swiper-slide\"><figure><img loading=\"lazy\" decoding=\"async\" width=\"1024\" height=\"472\" alt=\"\" class=\"wp-block-jetpack-slideshow_image wp-image-381\" data-id=\"381\" src=\"https:\/\/lmc-17.fr\/wp-content\/uploads\/2024\/09\/cache_15954656.jpg\" srcset=\"https:\/\/lmc-17.fr\/wp-content\/uploads\/2024\/09\/cache_15954656.jpg 1024w, https:\/\/lmc-17.fr\/wp-content\/uploads\/2024\/09\/cache_15954656-300x138.jpg 300w, https:\/\/lmc-17.fr\/wp-content\/uploads\/2024\/09\/cache_15954656-768x354.jpg 768w, https:\/\/lmc-17.fr\/wp-content\/uploads\/2024\/09\/cache_15954656-200x92.jpg 200w\" sizes=\"(max-width: 1024px) 100vw, 1024px\" \/><\/figure><\/li><li class=\"wp-block-jetpack-slideshow_slide swiper-slide\"><figure><img loading=\"lazy\" decoding=\"async\" width=\"600\" height=\"277\" alt=\"\" class=\"wp-block-jetpack-slideshow_image wp-image-382\" data-id=\"382\" src=\"https:\/\/lmc-17.fr\/wp-content\/uploads\/2024\/09\/cache_15954657.jpg\" srcset=\"https:\/\/lmc-17.fr\/wp-content\/uploads\/2024\/09\/cache_15954657.jpg 600w, https:\/\/lmc-17.fr\/wp-content\/uploads\/2024\/09\/cache_15954657-300x139.jpg 300w, https:\/\/lmc-17.fr\/wp-content\/uploads\/2024\/09\/cache_15954657-200x92.jpg 200w\" sizes=\"(max-width: 600px) 100vw, 600px\" \/><\/figure><\/li><li class=\"wp-block-jetpack-slideshow_slide swiper-slide\"><figure><img loading=\"lazy\" decoding=\"async\" width=\"1024\" height=\"768\" alt=\"\" class=\"wp-block-jetpack-slideshow_image wp-image-383\" data-id=\"383\" src=\"https:\/\/lmc-17.fr\/wp-content\/uploads\/2024\/09\/cache_15954658.jpg\" srcset=\"https:\/\/lmc-17.fr\/wp-content\/uploads\/2024\/09\/cache_15954658.jpg 1024w, https:\/\/lmc-17.fr\/wp-content\/uploads\/2024\/09\/cache_15954658-300x225.jpg 300w, https:\/\/lmc-17.fr\/wp-content\/uploads\/2024\/09\/cache_15954658-768x576.jpg 768w, https:\/\/lmc-17.fr\/wp-content\/uploads\/2024\/09\/cache_15954658-200x150.jpg 200w\" sizes=\"(max-width: 1024px) 100vw, 1024px\" \/><\/figure><\/li><\/ul><a class=\"wp-block-jetpack-slideshow_button-prev swiper-button-prev swiper-button-white\" role=\"button\"><\/a><a class=\"wp-block-jetpack-slideshow_button-next swiper-button-next swiper-button-white\" role=\"button\"><\/a><a aria-label=\"Pause Slideshow\" class=\"wp-block-jetpack-slideshow_button-pause\" role=\"button\"><\/a><div class=\"wp-block-jetpack-slideshow_pagination swiper-pagination swiper-pagination-white\"><\/div><\/div><\/div>\n\n\n\n<p><\/p>\n","protected":false},"excerpt":{"rendered":"<p>Notre bourse du 12 f\u00e9vrier 2023 a connu un succ\u00e8s exceptionnel, le nombre d&rsquo;exposants a fortement augment\u00e9 et l&rsquo;offre s&rsquo;est diversifi\u00e9e, attirant un nombre croissant de visiteurs. Un grand merci \u00e0 vous tous \u00e0 qui nous devons ce succ\u00e8s.<\/p>\n","protected":false},"author":1,"featured_media":0,"parent":0,"menu_order":0,"comment_status":"closed","ping_status":"closed","template":"","meta":{"footnotes":""},"class_list":["post-377","page","type-page","status-publish","hentry"],"jetpack_sharing_enabled":true,"_links":{"self":[{"href":"https:\/\/lmc-17.fr\/index.php?rest_route=\/wp\/v2\/pages\/377","targetHints":{"allow":["GET"]}}],"collection":[{"href":"https:\/\/lmc-17.fr\/index.php?rest_route=\/wp\/v2\/pages"}],"about":[{"href":"https:\/\/lmc-17.fr\/index.php?rest_route=\/wp\/v2\/types\/page"}],"author":[{"embeddable":true,"href":"https:\/\/lmc-17.fr\/index.php?rest_route=\/wp\/v2\/users\/1"}],"replies":[{"embeddable":true,"href":"https:\/\/lmc-17.fr\/index.php?rest_route=%2Fwp%2Fv2%2Fcomments&post=377"}],"version-history":[{"count":2,"href":"https:\/\/lmc-17.fr\/index.php?rest_route=\/wp\/v2\/pages\/377\/revisions"}],"predecessor-version":[{"id":384,"href":"https:\/\/lmc-17.fr\/index.php?rest_route=\/wp\/v2\/pages\/377\/revisions\/384"}],"wp:attachment":[{"href":"https:\/\/lmc-17.fr\/index.php?rest_route=%2Fwp%2Fv2%2Fmedia&parent=377"}],"curies":[{"name":"wp","href":"https:\/\/api.w.org\/{rel}","templated":true}]}}