{"id":749,"date":"2024-09-28T10:19:29","date_gmt":"2024-09-28T08:19:29","guid":{"rendered":"https:\/\/lmc-17.fr\/?page_id=749"},"modified":"2025-11-28T13:41:53","modified_gmt":"2025-11-28T12:41:53","slug":"modules-scenic","status":"publish","type":"page","link":"https:\/\/lmc-17.fr\/?page_id=749","title":{"rendered":"Modules Scenic"},"content":{"rendered":"\n<h3 class=\"wp-block-heading\">UNE NOUVELLE ACTIVITE DEMARRE !!!<\/h3>\n\n\n\n<h3 class=\"wp-block-heading has-text-color has-link-color wp-elements-2b68eb4ba1002a14e624b25bc62a444b\" style=\"color:#f20909\"><strong>Des MODULES en N !!!<\/strong><\/h3>\n\n\n\n<h4 class=\"wp-block-heading\">Apr\u00e8s de nombreuses r\u00e9unions, le choix s&rsquo;est finalement port\u00e9 sur le format Sc\u00e9Nic. Apr\u00e8s plusieurs mois d&rsquo;essais, une premi\u00e8re version sort des presses: un module de 1.20m de long avec un pi\u00e8tement de m\u00eame longueur capable d&rsquo;accueillir son module afin de le prot\u00e9ger pendant le transport. En parall\u00e8le, l&rsquo;\u00e9lectronique n\u00e9cessaire au cantonnement a \u00e9t\u00e9 d\u00e9velopp\u00e9e et aujourd&rsquo;hui les 5 premi\u00e8res cartes de s\u00e9rie sont sorties. Un banc d&rsquo;essai avec trois cartes et une voie d&rsquo;essai repr\u00e9sentant trois modules complets a \u00e9t\u00e9 mise en place. La d\u00e9monstration du fonctionnement de l&rsquo;ensemble avec la centrale DCC Evo et sa manette a \u00e9t\u00e9 faite avec succ\u00e8s ce 18 avril 2024. Les projets de modules peuvent donc d\u00e9marrer au sein du club LMC17 et du Club de ROCHEFORT. Voici quelques photos de la d\u00e9monstration<\/h4>\n\n\n\n<div class=\"wp-block-jetpack-slideshow aligncenter\" data-effect=\"slide\"><div class=\"wp-block-jetpack-slideshow_container swiper-container\"><ul class=\"wp-block-jetpack-slideshow_swiper-wrapper swiper-wrapper\"><li class=\"wp-block-jetpack-slideshow_slide swiper-slide\"><figure><img loading=\"lazy\" decoding=\"async\" width=\"1024\" height=\"480\" alt=\"\" class=\"wp-block-jetpack-slideshow_image wp-image-753\" data-id=\"753\" src=\"https:\/\/lmc-17.fr\/wp-content\/uploads\/2024\/09\/cache_16251973-1.jpg\" srcset=\"https:\/\/lmc-17.fr\/wp-content\/uploads\/2024\/09\/cache_16251973-1.jpg 1024w, https:\/\/lmc-17.fr\/wp-content\/uploads\/2024\/09\/cache_16251973-1-300x141.jpg 300w, https:\/\/lmc-17.fr\/wp-content\/uploads\/2024\/09\/cache_16251973-1-768x360.jpg 768w, https:\/\/lmc-17.fr\/wp-content\/uploads\/2024\/09\/cache_16251973-1-200x94.jpg 200w\" sizes=\"(max-width: 1024px) 100vw, 1024px\" \/><\/figure><\/li><li class=\"wp-block-jetpack-slideshow_slide swiper-slide\"><figure><img loading=\"lazy\" decoding=\"async\" width=\"1024\" height=\"768\" alt=\"\" class=\"wp-block-jetpack-slideshow_image wp-image-754\" data-id=\"754\" src=\"https:\/\/lmc-17.fr\/wp-content\/uploads\/2024\/09\/cache_16251972-1.jpg\" srcset=\"https:\/\/lmc-17.fr\/wp-content\/uploads\/2024\/09\/cache_16251972-1.jpg 1024w, https:\/\/lmc-17.fr\/wp-content\/uploads\/2024\/09\/cache_16251972-1-300x225.jpg 300w, https:\/\/lmc-17.fr\/wp-content\/uploads\/2024\/09\/cache_16251972-1-768x576.jpg 768w, https:\/\/lmc-17.fr\/wp-content\/uploads\/2024\/09\/cache_16251972-1-200x150.jpg 200w\" sizes=\"(max-width: 1024px) 100vw, 1024px\" \/><\/figure><\/li><li class=\"wp-block-jetpack-slideshow_slide swiper-slide\"><figure><img loading=\"lazy\" decoding=\"async\" width=\"547\" height=\"768\" alt=\"\" class=\"wp-block-jetpack-slideshow_image wp-image-755\" data-id=\"755\" src=\"https:\/\/lmc-17.fr\/wp-content\/uploads\/2024\/09\/cache_16251971-1.jpg\" srcset=\"https:\/\/lmc-17.fr\/wp-content\/uploads\/2024\/09\/cache_16251971-1.jpg 547w, https:\/\/lmc-17.fr\/wp-content\/uploads\/2024\/09\/cache_16251971-1-214x300.jpg 214w, https:\/\/lmc-17.fr\/wp-content\/uploads\/2024\/09\/cache_16251971-1-200x281.jpg 200w\" sizes=\"(max-width: 547px) 100vw, 547px\" \/><\/figure><\/li><li class=\"wp-block-jetpack-slideshow_slide swiper-slide\"><figure><img loading=\"lazy\" decoding=\"async\" width=\"1024\" height=\"681\" alt=\"\" class=\"wp-block-jetpack-slideshow_image wp-image-756\" data-id=\"756\" src=\"https:\/\/lmc-17.fr\/wp-content\/uploads\/2024\/09\/cache_16251970-1.jpg\" srcset=\"https:\/\/lmc-17.fr\/wp-content\/uploads\/2024\/09\/cache_16251970-1.jpg 1024w, https:\/\/lmc-17.fr\/wp-content\/uploads\/2024\/09\/cache_16251970-1-300x200.jpg 300w, https:\/\/lmc-17.fr\/wp-content\/uploads\/2024\/09\/cache_16251970-1-768x511.jpg 768w, https:\/\/lmc-17.fr\/wp-content\/uploads\/2024\/09\/cache_16251970-1-200x133.jpg 200w\" sizes=\"(max-width: 1024px) 100vw, 1024px\" \/><\/figure><\/li><\/ul><a class=\"wp-block-jetpack-slideshow_button-prev swiper-button-prev swiper-button-white\" role=\"button\"><\/a><a class=\"wp-block-jetpack-slideshow_button-next swiper-button-next swiper-button-white\" role=\"button\"><\/a><a aria-label=\"Pause Slideshow\" class=\"wp-block-jetpack-slideshow_button-pause\" role=\"button\"><\/a><div class=\"wp-block-jetpack-slideshow_pagination swiper-pagination swiper-pagination-white\"><\/div><\/div><\/div>\n\n\n\n<figure class=\"wp-block-video\"><video height=\"720\" style=\"aspect-ratio: 1280 \/ 720;\" width=\"1280\" controls src=\"https:\/\/lmc-17.fr\/wp-content\/uploads\/2025\/11\/salon_nov2025.mp4\"><\/video><\/figure>\n","protected":false},"excerpt":{"rendered":"<p>UNE NOUVELLE ACTIVITE DEMARRE !!! Des MODULES en N !!! Apr\u00e8s de nombreuses r\u00e9unions, le choix s&rsquo;est finalement port\u00e9 sur le format Sc\u00e9Nic. Apr\u00e8s plusieurs mois d&rsquo;essais, une premi\u00e8re version sort des presses: un module de 1.20m de long avec un pi\u00e8tement de m\u00eame longueur capable d&rsquo;accueillir son module afin de le prot\u00e9ger pendant le [&hellip;]<\/p>\n","protected":false},"author":1,"featured_media":0,"parent":0,"menu_order":0,"comment_status":"closed","ping_status":"closed","template":"","meta":{"footnotes":""},"class_list":["post-749","page","type-page","status-publish","hentry"],"jetpack_sharing_enabled":true,"_links":{"self":[{"href":"https:\/\/lmc-17.fr\/index.php?rest_route=\/wp\/v2\/pages\/749","targetHints":{"allow":["GET"]}}],"collection":[{"href":"https:\/\/lmc-17.fr\/index.php?rest_route=\/wp\/v2\/pages"}],"about":[{"href":"https:\/\/lmc-17.fr\/index.php?rest_route=\/wp\/v2\/types\/page"}],"author":[{"embeddable":true,"href":"https:\/\/lmc-17.fr\/index.php?rest_route=\/wp\/v2\/users\/1"}],"replies":[{"embeddable":true,"href":"https:\/\/lmc-17.fr\/index.php?rest_route=%2Fwp%2Fv2%2Fcomments&post=749"}],"version-history":[{"count":6,"href":"https:\/\/lmc-17.fr\/index.php?rest_route=\/wp\/v2\/pages\/749\/revisions"}],"predecessor-version":[{"id":1120,"href":"https:\/\/lmc-17.fr\/index.php?rest_route=\/wp\/v2\/pages\/749\/revisions\/1120"}],"wp:attachment":[{"href":"https:\/\/lmc-17.fr\/index.php?rest_route=%2Fwp%2Fv2%2Fmedia&parent=749"}],"curies":[{"name":"wp","href":"https:\/\/api.w.org\/{rel}","templated":true}]}}